{"id":2,"date":"2020-02-05T16:21:08","date_gmt":"2020-02-05T16:21:08","guid":{"rendered":"http:\/?page_id=2"},"modified":"2020-03-26T21:13:33","modified_gmt":"2020-03-26T21:13:33","slug":"sample-page","status":"publish","type":"page","link":"https:\/\/mzvol.de\/oldenburg-zimmervermietung\/","title":{"rendered":""},"content":{"rendered":"\n<h4>Herzlich Willkommen auf unseren Internetseiten<\/h4>\n\n\n\n<p>Ob Sie Oldenburg einen kurzen Besuch abstatten , als Monteur, als  Zeitarbeiter hier arbeiten, als Handelsvertreter ein Zimmer ben\u00f6tigen,  oder ob Sie eine angenehme Zeit in Oldenburg verbringen m\u00f6chten&#8230;<\/p>\n\n\n\n<p> <strong>&#8211; preiswert aber komfortabel in Oldenburg \u00fcbernachten.<\/strong><\/p>\n\n\n\n<p>      <\/p>\n\n\n\n<p>Alle Zimmer sind mit kostenlosem WLAN und 32&#8243;&nbsp; TV ausgestattet. <\/p>\n\n\n\n<script type=\"text\/javascript\" src=\"https:\/\/cdn.jsdelivr.net\/jquery\/latest\/jquery.min.js\"><\/script>\n<script type=\"text\/javascript\" src=\"https:\/\/cdn.jsdelivr.net\/momentjs\/latest\/moment.min.js\"><\/script>\n<script type=\"text\/javascript\" src=\"https:\/\/cdn.jsdelivr.net\/npm\/daterangepicker\/daterangepicker.min.js\"><\/script>\n<link rel=\"stylesheet\" type=\"text\/css\" href=\"https:\/\/cdn.jsdelivr.net\/npm\/daterangepicker\/daterangepicker.css\" \/>\n\n<script>\n$(function() {\n  $('input[name=\"date\"]').daterangepicker({\n    timePicker: false,\n    startDate: moment().startOf('day'),\n    endDate: moment().startOf('day').add(1, 'day'),\n    locale: {\n      \"format\": 'DD.MM.YYYY',\n       \"separator\": \" bis \",\n        \"applyLabel\": \"\u00dcbernehmen\",\n        \"cancelLabel\": \"Abbrechen\",\n        \"fromLabel\": \"Von\",\n        \"toLabel\": \"Bis\",\n        \"customRangeLabel\": \"Custom\",\n        \"weekLabel\": \"W\",\n        \"daysOfWeek\": [\n            \"So\",\n            \"Mo\",\n            \"Di\",\n            \"Mi\",\n            \"Do\",\n            \"Fr\",\n            \"Sa\"\n        ],\n        \"monthNames\": [\n            \"Januar\",\n            \"Februar\",\n            \"M\u00e4rz\",\n            \"April\",\n            \"Mai\",\n            \"Juni\",\n            \"Juli\",\n            \"August\",\n            \"September\",\n            \"Oktober\",\n            \"November\",\n            \"Dezember\"\n        ],\n        \"firstDay\": 1\n    }\n  });\n});\n<\/script>\n<\/script>\n\n\n\n<form method=\"GET\" action=\"buchungsanfrage-kurz\/\">\n  <p>W\u00e4hlen Sie Ihren Buchungszeitraum:<\/p>\n  <p>\n    <input type=\"text\" name=\"date\" id=\"date\" size=\"25\" default:\"Zeitraum\" \/>\n  <\/p>\n  <p>\n    <label for=\"Nachname\">Name:<\/label>\n    <input type=\"text\" name=\"lastname\" id=\"lastname\" size=\"25\">\n  <\/p>\n  <p><input type=\"submit\" value=\"Buchungsanfrage\"><\/p>\n<\/form>\n","protected":false},"excerpt":{"rendered":"<p>Herzlich Willkommen auf unseren Internetseiten Ob Sie Oldenburg einen kurzen Besuch abstatten , als Monteur, als Zeitarbeiter hier arbeiten, als Handelsvertreter ein Zimmer ben\u00f6tigen, oder ob Sie eine angenehme Zeit in Oldenburg verbringen m\u00f6chten&#8230; &#8211; preiswert aber komfortabel in Oldenburg \u00fcbernachten. Alle Zimmer sind mit kostenlosem WLAN und 32&#8243;&nbsp; TV ausgestattet. W\u00e4hlen Sie Ihren Buchungszeitraum: &hellip; <\/p>\n<p class=\"link-more\"><a href=\"https:\/\/mzvol.de\/oldenburg-zimmervermietung\/\" class=\"more-link\"><span class=\"screen-reader-text\">\u201e\u201c<\/span> weiterlesen<\/a><\/p>\n","protected":false},"author":1,"featured_media":0,"parent":0,"menu_order":0,"comment_status":"closed","ping_status":"closed","template":"","meta":[],"_links":{"self":[{"href":"https:\/\/mzvol.de\/oldenburg-zimmervermietung\/wp-json\/wp\/v2\/pages\/2"}],"collection":[{"href":"https:\/\/mzvol.de\/oldenburg-zimmervermietung\/wp-json\/wp\/v2\/pages"}],"about":[{"href":"https:\/\/mzvol.de\/oldenburg-zimmervermietung\/wp-json\/wp\/v2\/types\/page"}],"author":[{"embeddable":true,"href":"https:\/\/mzvol.de\/oldenburg-zimmervermietung\/wp-json\/wp\/v2\/users\/1"}],"replies":[{"embeddable":true,"href":"https:\/\/mzvol.de\/oldenburg-zimmervermietung\/wp-json\/wp\/v2\/comments?post=2"}],"version-history":[{"count":40,"href":"https:\/\/mzvol.de\/oldenburg-zimmervermietung\/wp-json\/wp\/v2\/pages\/2\/revisions"}],"predecessor-version":[{"id":355,"href":"https:\/\/mzvol.de\/oldenburg-zimmervermietung\/wp-json\/wp\/v2\/pages\/2\/revisions\/355"}],"wp:attachment":[{"href":"https:\/\/mzvol.de\/oldenburg-zimmervermietung\/wp-json\/wp\/v2\/media?parent=2"}],"curies":[{"name":"wp","href":"https:\/\/api.w.org\/{rel}","templated":true}]}}