{"id":29,"date":"2020-02-06T16:18:46","date_gmt":"2020-02-06T16:18:46","guid":{"rendered":"http:\/\/localhost\/mzvol_web\/?page_id=29"},"modified":"2020-03-29T22:21:57","modified_gmt":"2020-03-29T22:21:57","slug":"preise","status":"publish","type":"page","link":"https:\/\/mzvol.de\/oldenburg-zimmervermietung\/preise\/","title":{"rendered":"Unsere Preise"},"content":{"rendered":"\n<p>Unsere preisg\u00fcnstigen Zimmer k\u00f6nnen Sie bereits <strong>ab 16,50 \u20ac<\/strong> (bei Monatsbuchung) bekommen. <\/p>\n\n\n\n<ul><li>mit Gemeinschaftsbad, und je nach Zimmer mit Gemeinschaftsk\u00fcche, oder eigener K\u00fcchenzeile. <\/li><\/ul>\n\n\n\n<ul><li>Alle unsere Zimmer sind mit kostenlosen WLAN, LAN und TV (Sat \/ DVBT) ausgestattet. <\/li><\/ul>\n\n\n\n<ul><li>Die Endreinigung ist im Preis mit inbegriffen. <\/li><\/ul>\n\n\n\n<p><strong>Auch bei fast Vollbelegung oder Gro\u00dfveranstaltungen in Oldenburg gelten unsere normalen Preisen<\/strong><\/p>\n\n\n\n<hr class=\"wp-block-separator\"\/>\n\n\n\n<h2><strong>Preisstellung<\/strong><\/h2>\n\n\n\n<p class=\"has-text-align-center\">Wochenpreis = 7 Tage ohne Unterbrechnung<\/p>\n\n\n\n<p class=\"has-text-align-center\">Monatspreis = 30 Tage ohne Unterbrechung <\/p>\n\n\n\n<hr class=\"wp-block-separator\"\/>\n\n\n\n<h2><strong>Bezahlung<\/strong> <\/h2>\n\n\n\n<p>Wir bitten um Barzahlung bei Anreise. <\/p>\n\n\n\n<p>Aus gegebenem Anlass werden wir Reservierungen f\u00fcr Vorausbuchungen  von l\u00e4nger als 2 Wochen nur noch bei 50%iger Vorab\u00fcberweisung vornehmen.  Feste Buchungen mit \u00fcber einem Monat Laufzeit werden mit einer Kaution von 50% des Preises belegt den die Folgemonate  kosten und gelten im Falle eines R\u00fccktritts als Stornokosten. Hierf\u00fcr erstellen wir auf Wunsch vorab eine Proformarechnung aus, die Sie dann bitte umgehend begleichen. Ab Eingang des Geldes auf  unserem Konto ist dann die Reservierung erfolgt. Hier\u00fcber informieren wir Sie je nach Wunsch dann umgehend per Fax, Telefon, SMS oder Mail. <\/p>\n\n\n\n<hr class=\"wp-block-separator\"\/>\n\n\n\n<h2>   Preis\u00fcbersicht<\/h2>\n\n\n\n<figure class=\"wp-block-table\"><table class=\"\"><tbody><tr><td class=\"has-text-align-center\" data-align=\"center\">\n                <strong>Dauer<\/strong>\n            <\/td><td class=\"has-text-align-center\" data-align=\"center\"><strong>Preis pro<\/strong><br><strong>\u00dcbernachtung<\/strong>\/ <strong>Person\/ Zimmer<\/strong>        <\/td><td class=\"has-text-align-center\" data-align=\"center\"><strong>je weitere Person im Zimmer<\/strong><\/td><\/tr><tr><td class=\"has-text-align-center\" data-align=\"center\">1 Tag<\/td><td class=\"has-text-align-center\" data-align=\"center\">\n                49,00 \u20ac\n            <\/td><td class=\"has-text-align-center\" data-align=\"center\">\n                20,00 \u20ac\n            <\/td><\/tr><tr><td class=\"has-text-align-center\" data-align=\"center\">2 Tage<\/td><td class=\"has-text-align-center\" data-align=\"center\">\n                34,00 \u20ac\n            <\/td><td class=\"has-text-align-center\" data-align=\"center\">\n                20,00 \u20ac\n            <\/td><\/tr><tr><td class=\"has-text-align-center\" data-align=\"center\">1 &#8211; 6 Tage<\/td><td class=\"has-text-align-center\" data-align=\"center\">\n                29,00 \u20ac\n            <\/td><td class=\"has-text-align-center\" data-align=\"center\">\n                19,00 \u20ac\n            <\/td><\/tr><tr><td class=\"has-text-align-center\" data-align=\"center\">1 Woche (7 Tage)<\/td><td class=\"has-text-align-center\" data-align=\"center\">                 26,00 \u20ac (182,00 \u20ac)             <\/td><td class=\"has-text-align-center\" data-align=\"center\">\n                19,00 \u20ac\n            <\/td><\/tr><tr><td class=\"has-text-align-center\" data-align=\"center\"> 1 Monat (30 Tage)<\/td><td class=\"has-text-align-center\" data-align=\"center\">                 20,00 \u20ac (600,00 \u20ac)             <\/td><td class=\"has-text-align-center\" data-align=\"center\">\n                18,00 \u20ac\n            <\/td><\/tr><\/tbody><\/table><\/figure>\n\n\n\n<ul><li><strong>eingeschlossen ist die Bettw\u00e4sche mit zwei-w\u00f6chentlichem Wechsel bei Mehrwochenbuchung<\/strong>.       <\/li><\/ul>\n\n\n\n<hr class=\"wp-block-separator\"\/>\n\n\n\n<h3>Zus\u00e4tzlich buchbare Optionen<\/h3>\n\n\n\n<ul><li>Doppel- \/ Zweibettzimmer als Einzelzimmer Aufschlag 10,00 \u20ac pro \u00dcbernachtung.<\/li><li>Zustellbett f\u00fcr Kinder pro \u00dcbernachtung<ul><li>unter 3 Jahre kostenlos <\/li><\/ul><ul><li>von 3 &#8211; 8 Jahre 10 \u20ac <\/li><li>von 8 &#8211; 15 Jahre 15 \u20ac<\/li><\/ul><\/li><li>Hund\u00a0 pro Tag und Tier, pro Kilo 10,00 \u20ac, aber mindestens 45,00 \u20ac<\/li><li>Katze 15,00 \u20ac pro Tag und Tier.<\/li><li>Bettw\u00e4sche 5,00\u20ac je weiterer gew\u00fcnschter Wechsel pro Woche<\/li><\/ul>\n\n\n\n<hr class=\"wp-block-separator\"\/>\n\n\n\n<h3>Handt\u00fccher<\/h3>\n\n\n\n<ul><li>Der erste Handtuchsatz w\u00f6chentlich (klein, gro\u00df, Badematte) ist mit eingeschlossen.<\/li><li>Weitere Handt\u00fccher bei Bedarf <strong>zus\u00e4tzlich<\/strong> nach folgender Preisliste:                   \u00a0                   <\/li><\/ul>\n\n\n\n<figure class=\"wp-block-table\"><table class=\"\"><tbody><tr><td class=\"has-text-align-center\" data-align=\"center\">Art<\/td><td class=\"has-text-align-center\" data-align=\"center\">je weiterer Wechsel<\/td><\/tr><tr><td class=\"has-text-align-center\" data-align=\"center\">Handtuch gro\u00df<\/td><td class=\"has-text-align-center\" data-align=\"center\">3,00 \u20ac<\/td><\/tr><tr><td class=\"has-text-align-center\" data-align=\"center\">Handtuch klein<\/td><td class=\"has-text-align-center\" data-align=\"center\">1,50 \u20ac<\/td><\/tr><tr><td class=\"has-text-align-center\" data-align=\"center\">G\u00e4stehandtuch<\/td><td class=\"has-text-align-center\" data-align=\"center\">1,00 \u20ac<\/td><\/tr><tr><td class=\"has-text-align-center\" data-align=\"center\">Waschlappen<\/td><td class=\"has-text-align-center\" data-align=\"center\">0,50 \u20ac<\/td><\/tr><\/tbody><\/table><\/figure>\n","protected":false},"excerpt":{"rendered":"<p>Unsere preisg\u00fcnstigen Zimmer k\u00f6nnen Sie bereits ab 16,50 \u20ac (bei Monatsbuchung) bekommen. mit Gemeinschaftsbad, und je nach Zimmer mit Gemeinschaftsk\u00fcche, oder eigener K\u00fcchenzeile. Alle unsere Zimmer sind mit kostenlosen WLAN, LAN und TV (Sat \/ DVBT) ausgestattet. Die Endreinigung ist im Preis mit inbegriffen. Auch bei fast Vollbelegung oder Gro\u00dfveranstaltungen in Oldenburg gelten unsere normalen &hellip; <\/p>\n<p class=\"link-more\"><a href=\"https:\/\/mzvol.de\/oldenburg-zimmervermietung\/preise\/\" class=\"more-link\"><span class=\"screen-reader-text\">\u201eUnsere Preise\u201c<\/span> weiterlesen<\/a><\/p>\n","protected":false},"author":1,"featured_media":0,"parent":0,"menu_order":0,"comment_status":"closed","ping_status":"closed","template":"","meta":[],"_links":{"self":[{"href":"https:\/\/mzvol.de\/oldenburg-zimmervermietung\/wp-json\/wp\/v2\/pages\/29"}],"collection":[{"href":"https:\/\/mzvol.de\/oldenburg-zimmervermietung\/wp-json\/wp\/v2\/pages"}],"about":[{"href":"https:\/\/mzvol.de\/oldenburg-zimmervermietung\/wp-json\/wp\/v2\/types\/page"}],"author":[{"embeddable":true,"href":"https:\/\/mzvol.de\/oldenburg-zimmervermietung\/wp-json\/wp\/v2\/users\/1"}],"replies":[{"embeddable":true,"href":"https:\/\/mzvol.de\/oldenburg-zimmervermietung\/wp-json\/wp\/v2\/comments?post=29"}],"version-history":[{"count":10,"href":"https:\/\/mzvol.de\/oldenburg-zimmervermietung\/wp-json\/wp\/v2\/pages\/29\/revisions"}],"predecessor-version":[{"id":439,"href":"https:\/\/mzvol.de\/oldenburg-zimmervermietung\/wp-json\/wp\/v2\/pages\/29\/revisions\/439"}],"wp:attachment":[{"href":"https:\/\/mzvol.de\/oldenburg-zimmervermietung\/wp-json\/wp\/v2\/media?parent=29"}],"curies":[{"name":"wp","href":"https:\/\/api.w.org\/{rel}","templated":true}]}}