{"id":442,"date":"2020-03-29T22:24:15","date_gmt":"2020-03-29T22:24:15","guid":{"rendered":"https:\/\/mzvol.de\/mzvol_web\/?page_id=442"},"modified":"2020-10-10T07:53:14","modified_gmt":"2020-10-10T07:53:14","slug":"gaestebuch","status":"publish","type":"page","link":"https:\/\/mzvol.de\/oldenburg-zimmervermietung\/gaestebuch\/","title":{"rendered":"G\u00e4stebuch"},"content":{"rendered":"<div class=\"gwolle-gb\"><div class=\"gwolle_gb_messages_top_container\"><\/div>\n\t\t\t<div class=\"gwolle-gb-write-button\">\n\t\t\t\t<input type=\"button\" name=\"gwolle-gb-write-button\" class=\"button btn btn-default \" value=\"&raquo; Neuen Eintrag schreiben\" \/>\n\t\t\t<\/div>\n\t\t\t<form action=\"#\" method=\"POST\" class=\"gwolle-gb-write gwolle-gb-hide gwolle-gb-float gwolle_gb_form_ajax gwolle-gb-form-ajax\">\n\t\t\t\t<h3>Einen neuen Eintrag f\u00fcr das G\u00e4stebuch schreiben<\/h3>\n\t\t\t\t<button type=\"button\" class=\"gb-notice-dismiss\">x<span class=\"screen-reader-text\">Dieses Formular ausblenden<\/span><\/button>\n\t\t\t\n\t\t\t\t<input type=\"hidden\" name=\"gwolle_gb_function\" class=\"gwolle_gb_function\" value=\"add_entry\" \/><input type=\"hidden\" name=\"gwolle_gb_book_id\" class=\"gwolle_gb_book_id\" value=\"1\" \/><div class=\"gwolle_gb_f80175d4732ab23a68539a9417e217fe\">\n\t\t\t\t<div class=\"label\"><label for=\"gwolle_gb_f80175d4732ab23a68539a9417e217fe\" class=\"text-info\">Name *<\/label><\/div>\n\t\t\t\t<div class=\"input\"><input class=\"wp-exclude-emoji gwolle_gb_f80175d4732ab23a68539a9417e217fe\" value=\"\" type=\"text\" name=\"gwolle_gb_f80175d4732ab23a68539a9417e217fe\" required \/><\/div>\n\t\t\t<\/div>\n\t\t\t<div class=\"clearBoth\">&nbsp;<\/div><div class=\"gwolle_gb_54124e9bd25407287066e73cb322bfa2\">\n\t\t\t\t<div class=\"label\"><label for=\"gwolle_gb_54124e9bd25407287066e73cb322bfa2\" class=\"text-info\">E-Mail *<\/label><\/div>\n\t\t\t\t<div class=\"input\"><input class=\"gwolle_gb_54124e9bd25407287066e73cb322bfa2\" value=\"\" type=\"email\" name=\"gwolle_gb_54124e9bd25407287066e73cb322bfa2\" required \/><\/div>\n\t\t\t<\/div>\n\t\t\t<div class=\"clearBoth\">&nbsp;<\/div>\n\t\t\t<div class=\"gwolle_gb_c692d9ca50ac27d2955c15c55a5ddab0\" style=\"display:none;\">\n\t\t\t\t<div class=\"label\">\n\t\t\t\t\t<label for=\"gwolle_gb_c692d9ca50ac27d2955c15c55a5ddab0\" class=\"text-primary\">Hier nichts eingeben<\/label>\n\t\t\t\t\t<label for=\"gwolle_gb_72ba587d20eab2725e6c6464b33d0885\" class=\"text-primary\">Hier nichts eingeben<\/label>\n\t\t\t\t<\/div>\n\t\t\t\t<div class=\"input\">\n\t\t\t\t\t<input value=\"82\" type=\"text\" name=\"gwolle_gb_c692d9ca50ac27d2955c15c55a5ddab0\" class=\"gwolle_gb_c692d9ca50ac27d2955c15c55a5ddab0\" \/>\n\t\t\t\t\t<input value=\"\" type=\"text\" name=\"gwolle_gb_72ba587d20eab2725e6c6464b33d0885\" class=\"gwolle_gb_72ba587d20eab2725e6c6464b33d0885\" \/>\n\t\t\t\t<\/div>\n\t\t\t<\/div>\n\t\t\t<div class=\"clearBoth\"><\/div>\n\t\t\t<div class=\"gwolle_gb_31448a21f2568c168734f698d0df4c85\" style=\"display:none;\">\n\t\t\t\t<div class=\"label\">\n\t\t\t\t\t<label for=\"gwolle_gb_31448a21f2568c168734f698d0df4c85\" class=\"text-primary\">Hier nichts eingeben<\/label>\n\t\t\t\t\t<label for=\"gwolle_gb_258e11d126ee61be5879a80ffadcb0ce\" class=\"text-primary\">Hier nichts eingeben<\/label>\n\t\t\t\t<\/div>\n\t\t\t\t<div class=\"input\">\n\t\t\t\t\t<input value=\"29721\" type=\"text\" name=\"gwolle_gb_31448a21f2568c168734f698d0df4c85\" class=\"gwolle_gb_31448a21f2568c168734f698d0df4c85\" \/>\n\t\t\t\t\t<input value=\"29721\" type=\"text\" name=\"gwolle_gb_258e11d126ee61be5879a80ffadcb0ce\" class=\"gwolle_gb_258e11d126ee61be5879a80ffadcb0ce\" \/>\n\t\t\t\t<\/div>\n\t\t\t<\/div>\n\t\t\t<div class=\"clearBoth\"><\/div><div class=\"gwolle_gb_content\">\n\t\t\t\t<div class=\"label\"><label for=\"gwolle_gb_content\" class=\"text-info\">G\u00e4stebucheintrag *<\/label><\/div>\n\t\t\t\t<div class=\"input\"><textarea name=\"gwolle_gb_content\" class=\"gwolle_gb_content wp-exclude-emoji\" required ><\/textarea><\/div>\n\t\t\t\t<\/div>\n\t\t\t<div class=\"clearBoth\">&nbsp;<\/div><input type=\"hidden\" class=\"gwolle_gb_248294cc13d214235594ceb2fa356a79\" name=\"gwolle_gb_248294cc13d214235594ceb2fa356a79\" value=\"b3767483f0\" \/>\n\t\t\t<div class=\"gwolle_gb_messages_bottom_container\"><\/div>\n\n\t\t\t<noscript><div class=\"no-js\">Warnung: Dieses Formular kann nur verwendet werden, wenn in deinem Browser JavaScript aktiviert ist.<\/div><\/noscript>\n\n\t\t\t<div class=\"gwolle_gb_submit\">\n\t\t\t\t<div class=\"label gwolle-gb-invisible text-muted\">&nbsp;<\/div>\n\t\t\t\t<div class=\"input\">\n\t\t\t\t\t<input type=\"submit\" name=\"gwolle_gb_submit\" class=\"gwolle_gb_submit button btn btn-primary \" value=\"Absenden\" \/>\n\t\t\t\t\t<span class=\"gwolle_gb_submit_ajax_icon\"><\/span>\n\t\t\t\n\t\t\t\t<\/div>\n\t\t\t<\/div>\n\t\t\t<div class=\"clearBoth\">&nbsp;<\/div>\n\n\t\t\t<div class=\"gwolle_gb_notice\">\n\t\t\t\tMit * gekennzeichnete Felder sind erforderlich.<br \/>\r\nDeine E-Mail-Adresse wird nicht ver\u00f6ffentlicht.<br \/>\r\nEs ist m\u00f6glich, dass dein Eintrag im G\u00e4stebuch erst sichtbar ist, nachdem wir ihn \u00fcberpr\u00fcft haben.<br \/>\r\nWir behalten uns vor, Eintr\u00e4ge zu bearbeiten, zu l\u00f6schen oder nicht zu ver\u00f6ffentlichen.\n\t\t\t<\/div><\/form><div class=\"gwolle-gb-read \" data-book_id=\"1\"><div id=\"gwolle-gb-total\">5 Eintr\u00e4ge<\/div><!-- Gwolle-GB Entry: Default Template Loaded -->\n\t\t\t\t<div class=\"gb-entry gb-entry_6 gb-entry-count_1 gwolle_gb_uneven gwolle-gb-uneven gwolle_gb_first gwolle-gb-first\">\n\t\t\t\t<article>\n\t\t\t\t\t<div class=\"gb-author-info\">\n\t\t\t\t\t\t<span class=\"gb-author-avatar\"><img referrerpolicy=\"no-referrer\" alt='Axel' src='https:\/\/secure.gravatar.com\/avatar\/bc28a9697576c5c2bfdfc2aac0554116?s=32&#038;d=mm&#038;r=g' srcset='https:\/\/secure.gravatar.com\/avatar\/bc28a9697576c5c2bfdfc2aac0554116?s=64&#038;d=mm&#038;r=g 2x' class='avatar avatar-32 photo' height='32' width='32' loading='lazy'\/><\/span>\n\t\t\t\t\t\t<span class=\"gb-author-name\">Axel\n\t\t\t\t\t\t<\/span>\n\t\t\t\t\t\t<span class=\"gb-datetime\">\n\t\t\t\t\t\t\t<span class=\"gb-date\"> schrieb am 29. M\u00e4rz 2020<\/span><span class=\"gb-time\"> um 22:38<\/span>:\n\t\t\t\t\t\t<\/span> \n\t\t\t\t\t<\/div>\n\t\t\t\t\t<div class=\"gb-entry-content\">Die Kommunikation mit J\u00f6rg im Vorfeld hat ausgezeichnet geklappt und unser Aufenthalt in J\u00f6rg seiner Wohnung hat unseren Erwartungen voll entsprochen\n\t\t\t\t\t<\/div>\n\t\t\t\t<\/article>\n\t\t\t<\/div>\n\t\t\t<div class=\"gb-entry gb-entry_5 gb-entry-count_2 gwolle_gb_even gwolle-gb-even\">\n\t\t\t\t<article>\n\t\t\t\t\t<div class=\"gb-author-info\">\n\t\t\t\t\t\t<span class=\"gb-author-avatar\"><img referrerpolicy=\"no-referrer\" alt='Fabian' src='https:\/\/secure.gravatar.com\/avatar\/bc28a9697576c5c2bfdfc2aac0554116?s=32&#038;d=mm&#038;r=g' srcset='https:\/\/secure.gravatar.com\/avatar\/bc28a9697576c5c2bfdfc2aac0554116?s=64&#038;d=mm&#038;r=g 2x' class='avatar avatar-32 photo' height='32' width='32' loading='lazy'\/><\/span>\n\t\t\t\t\t\t<span class=\"gb-author-name\">Fabian\n\t\t\t\t\t\t<\/span>\n\t\t\t\t\t\t<span class=\"gb-datetime\">\n\t\t\t\t\t\t\t<span class=\"gb-date\"> schrieb am 29. M\u00e4rz 2020<\/span><span class=\"gb-time\"> um 22:38<\/span>:\n\t\t\t\t\t\t<\/span> \n\t\t\t\t\t<\/div>\n\t\t\t\t\t<div class=\"gb-entry-content\">Sauberes Zimmer, netter Kontakt mit J\u00f6rg, sehr zentrale Lage. Vielen Dank \ud83d\ude42\n\t\t\t\t\t<\/div>\n\t\t\t\t<\/article>\n\t\t\t<\/div>\n\t\t\t<div class=\"gb-entry gb-entry_3 gb-entry-count_3 gwolle_gb_uneven gwolle-gb-uneven\">\n\t\t\t\t<article>\n\t\t\t\t\t<div class=\"gb-author-info\">\n\t\t\t\t\t\t<span class=\"gb-author-avatar\"><img referrerpolicy=\"no-referrer\" alt='Cora' src='https:\/\/secure.gravatar.com\/avatar\/bc28a9697576c5c2bfdfc2aac0554116?s=32&#038;d=mm&#038;r=g' srcset='https:\/\/secure.gravatar.com\/avatar\/bc28a9697576c5c2bfdfc2aac0554116?s=64&#038;d=mm&#038;r=g 2x' class='avatar avatar-32 photo' height='32' width='32' loading='lazy'\/><\/span>\n\t\t\t\t\t\t<span class=\"gb-author-name\">Cora\n\t\t\t\t\t\t<\/span>\n\t\t\t\t\t\t<span class=\"gb-datetime\">\n\t\t\t\t\t\t\t<span class=\"gb-date\"> schrieb am 29. M\u00e4rz 2020<\/span><span class=\"gb-time\"> um 22:31<\/span>:\n\t\t\t\t\t\t<\/span> \n\t\t\t\t\t<\/div>\n\t\t\t\t\t<div class=\"gb-entry-content\">Sehr sch\u00f6ne Unterkunft. Gem\u00fctlich eingerichtet, sauber und gut ausgestattet. Netter Gastgeber. Weiter zu empfehlen!\n\t\t\t\t\t<\/div>\n\t\t\t\t<\/article>\n\t\t\t<\/div>\n\t\t\t<div class=\"gb-entry gb-entry_2 gb-entry-count_4 gwolle_gb_even gwolle-gb-even\">\n\t\t\t\t<article>\n\t\t\t\t\t<div class=\"gb-author-info\">\n\t\t\t\t\t\t<span class=\"gb-author-avatar\"><img referrerpolicy=\"no-referrer\" alt='Elizabeth' src='https:\/\/secure.gravatar.com\/avatar\/bc28a9697576c5c2bfdfc2aac0554116?s=32&#038;d=mm&#038;r=g' srcset='https:\/\/secure.gravatar.com\/avatar\/bc28a9697576c5c2bfdfc2aac0554116?s=64&#038;d=mm&#038;r=g 2x' class='avatar avatar-32 photo' height='32' width='32' loading='lazy'\/><\/span>\n\t\t\t\t\t\t<span class=\"gb-author-name\">Elizabeth\n\t\t\t\t\t\t<\/span>\n\t\t\t\t\t\t<span class=\"gb-datetime\">\n\t\t\t\t\t\t\t<span class=\"gb-date\"> schrieb am 29. M\u00e4rz 2020<\/span><span class=\"gb-time\"> um 22:30<\/span>:\n\t\t\t\t\t\t<\/span> \n\t\t\t\t\t<\/div>\n\t\t\t\t\t<div class=\"gb-entry-content\">Jorg met us at the train station and ushered us to the apartment (within walking distance). That meant a lot to us since we were all new to Germany. When we had questions or needed some apartment supplies, he responded immediately. Guests should know there are 4 flights of stairs to get to the apartment and no elevator. The apartment location and the AirBnB rate made this worth it.\n\t\t\t\t\t<\/div>\n\t\t\t\t<\/article>\n\t\t\t<\/div>\n\t\t\t<div class=\"gb-entry gb-entry_1 gb-entry-count_5 gwolle_gb_uneven gwolle-gb-uneven\">\n\t\t\t\t<article>\n\t\t\t\t\t<div class=\"gb-author-info\">\n\t\t\t\t\t\t<span class=\"gb-author-avatar\"><img referrerpolicy=\"no-referrer\" alt='Tom' src='https:\/\/secure.gravatar.com\/avatar\/bc28a9697576c5c2bfdfc2aac0554116?s=32&#038;d=mm&#038;r=g' srcset='https:\/\/secure.gravatar.com\/avatar\/bc28a9697576c5c2bfdfc2aac0554116?s=64&#038;d=mm&#038;r=g 2x' class='avatar avatar-32 photo' height='32' width='32' loading='lazy'\/><\/span>\n\t\t\t\t\t\t<span class=\"gb-author-name\">Tom\n\t\t\t\t\t\t<\/span>\n\t\t\t\t\t\t<span class=\"gb-datetime\">\n\t\t\t\t\t\t\t<span class=\"gb-date\"> schrieb am 29. M\u00e4rz 2020<\/span><span class=\"gb-time\"> um 22:29<\/span>:\n\t\t\t\t\t\t<\/span> \n\t\t\t\t\t<\/div>\n\t\t\t\t\t<div class=\"gb-entry-content\">Ich hatte zwar nur eine kurze Nacht in der Unterkunft, aber war sehr positiv \u00fcberrrascht. Mich erwartete ein sauberes, modern eingerichtetes ZImmer, in dem es an nichts mangelte. Sehr einfache, schnelle Kommunikation mit J\u00f6rg und eine hohe Gastfreundlichkeit als mir noch die weiteren Gegebenheiten der Unterkunft im Norden Oldenburgs gezeigt wurden. Ich hab mich pudelwohl gef\u00fchlt und dank der ruhigen Nachbarschaft, in der die Unterkunft liegt, hervorragend geschlafen.\n\t\t\t\t\t<\/div>\n\t\t\t\t<\/article>\n\t\t\t<\/div>\n\t\t\t<\/div><\/div>\n","protected":false},"excerpt":{"rendered":"","protected":false},"author":1,"featured_media":0,"parent":0,"menu_order":0,"comment_status":"closed","ping_status":"closed","template":"","meta":[],"_links":{"self":[{"href":"https:\/\/mzvol.de\/oldenburg-zimmervermietung\/wp-json\/wp\/v2\/pages\/442"}],"collection":[{"href":"https:\/\/mzvol.de\/oldenburg-zimmervermietung\/wp-json\/wp\/v2\/pages"}],"about":[{"href":"https:\/\/mzvol.de\/oldenburg-zimmervermietung\/wp-json\/wp\/v2\/types\/page"}],"author":[{"embeddable":true,"href":"https:\/\/mzvol.de\/oldenburg-zimmervermietung\/wp-json\/wp\/v2\/users\/1"}],"replies":[{"embeddable":true,"href":"https:\/\/mzvol.de\/oldenburg-zimmervermietung\/wp-json\/wp\/v2\/comments?post=442"}],"version-history":[{"count":1,"href":"https:\/\/mzvol.de\/oldenburg-zimmervermietung\/wp-json\/wp\/v2\/pages\/442\/revisions"}],"predecessor-version":[{"id":443,"href":"https:\/\/mzvol.de\/oldenburg-zimmervermietung\/wp-json\/wp\/v2\/pages\/442\/revisions\/443"}],"wp:attachment":[{"href":"https:\/\/mzvol.de\/oldenburg-zimmervermietung\/wp-json\/wp\/v2\/media?parent=442"}],"curies":[{"name":"wp","href":"https:\/\/api.w.org\/{rel}","templated":true}]}}