{"id":466,"date":"2020-04-22T23:07:03","date_gmt":"2020-04-22T23:07:03","guid":{"rendered":"https:\/\/mzvol.de\/oldenburg-zimmervermietung\/ueber-uns\/"},"modified":"2021-04-21T21:20:59","modified_gmt":"2021-04-21T21:20:59","slug":"ueber-uns","status":"publish","type":"page","link":"https:\/\/mzvol.de\/oldenburg-zimmervermietung\/ueber-uns\/","title":{"rendered":"\u00dcber uns"},"content":{"rendered":"\n<div class=\"wp-block-image\"><figure class=\"aligncenter size-large is-resized\"><img loading=\"lazy\" src=\"https:\/\/mzvol.de\/wp-content\/uploads\/2020\/03\/PHOTO-2020-03-26-13-26-51-768x1024.jpg\" alt=\"\" class=\"wp-image-306\" width=\"252\" height=\"335\"\/><\/figure><\/div>\n\n\n\n<p>Die Zimmervermietung in Oldenburg ist ein Familienbetrieb. Seit 2014 bieten wir private und g\u00fcnstige Zimmer in Oldenburg f\u00fcr St\u00e4dtereisende, Kurzzeitg\u00e4ste, Messebesucher, Handwerker und Monteure an. Hierbei ist liegt uns ein gem\u00fctliches und komfortables Ambiente in famili\u00e4rer Atmosph\u00e4re f\u00fcr unsere G\u00e4ste sehr am Herzen.<\/p>\n\n\n\n<p>Unser Motto: Wir m\u00f6chten, dass Sie sich wohlf\u00fchlen!<\/p>\n","protected":false},"excerpt":{"rendered":"<p>Die Zimmervermietung in Oldenburg ist ein Familienbetrieb. Seit 2014 bieten wir private und g\u00fcnstige Zimmer in Oldenburg f\u00fcr St\u00e4dtereisende, Kurzzeitg\u00e4ste, Messebesucher, Handwerker und Monteure an. Hierbei ist liegt uns ein gem\u00fctliches und komfortables Ambiente in famili\u00e4rer Atmosph\u00e4re f\u00fcr unsere G\u00e4ste sehr am Herzen. Unser Motto: Wir m\u00f6chten, dass Sie sich wohlf\u00fchlen!<\/p>\n","protected":false},"author":1,"featured_media":0,"parent":0,"menu_order":0,"comment_status":"closed","ping_status":"closed","template":"","meta":[],"_links":{"self":[{"href":"https:\/\/mzvol.de\/oldenburg-zimmervermietung\/wp-json\/wp\/v2\/pages\/466"}],"collection":[{"href":"https:\/\/mzvol.de\/oldenburg-zimmervermietung\/wp-json\/wp\/v2\/pages"}],"about":[{"href":"https:\/\/mzvol.de\/oldenburg-zimmervermietung\/wp-json\/wp\/v2\/types\/page"}],"author":[{"embeddable":true,"href":"https:\/\/mzvol.de\/oldenburg-zimmervermietung\/wp-json\/wp\/v2\/users\/1"}],"replies":[{"embeddable":true,"href":"https:\/\/mzvol.de\/oldenburg-zimmervermietung\/wp-json\/wp\/v2\/comments?post=466"}],"version-history":[{"count":5,"href":"https:\/\/mzvol.de\/oldenburg-zimmervermietung\/wp-json\/wp\/v2\/pages\/466\/revisions"}],"predecessor-version":[{"id":534,"href":"https:\/\/mzvol.de\/oldenburg-zimmervermietung\/wp-json\/wp\/v2\/pages\/466\/revisions\/534"}],"wp:attachment":[{"href":"https:\/\/mzvol.de\/oldenburg-zimmervermietung\/wp-json\/wp\/v2\/media?parent=466"}],"curies":[{"name":"wp","href":"https:\/\/api.w.org\/{rel}","templated":true}]}}