{"id":7,"date":"2020-02-06T16:03:44","date_gmt":"2020-02-06T16:03:44","guid":{"rendered":"http:\/\/localhost\/mzvol_web\/?page_id=7"},"modified":"2020-03-29T22:58:45","modified_gmt":"2020-03-29T22:58:45","slug":"zimmer-rosenstrasse","status":"publish","type":"page","link":"https:\/\/mzvol.de\/oldenburg-zimmervermietung\/zimmer-rosenstrasse\/","title":{"rendered":"Unsere Zimmer Rosenstrasse"},"content":{"rendered":"\n<p>Die Zimmergr\u00f6\u00dfen variieren zwischen 14 und 25 qm uns sind modern eingerichtet. <\/p>\n\n\n\n<p>Bilder (Zimmer)<\/p>\n\n\n\n<figure class=\"wp-block-gallery aligncenter columns-3 is-cropped\"><ul class=\"blocks-gallery-grid\"><li class=\"blocks-gallery-item\"><figure><img loading=\"lazy\" width=\"150\" height=\"150\" src=\"http:\/\/localhost\/mzvol_web\/wp-content\/uploads\/2020\/02\/image7.jpg\" alt=\"\" data-id=\"110\" data-full-url=\"http:\/\/localhost\/mzvol_web\/wp-content\/uploads\/2020\/02\/image7.jpg\" data-link=\"http:\/\/localhost\/mzvol_web\/unsere-zimmer\/image7\/\" class=\"wp-image-110\" srcset=\"https:\/\/mzvol.de\/oldenburg-zimmervermietung\/wp-content\/uploads\/sites\/7\/2020\/02\/image7.jpg 150w, https:\/\/mzvol.de\/oldenburg-zimmervermietung\/wp-content\/uploads\/sites\/7\/2020\/02\/image7-100x100.jpg 100w\" sizes=\"(max-width: 150px) 100vw, 150px\" \/><\/figure><\/li><li class=\"blocks-gallery-item\"><figure><img loading=\"lazy\" width=\"1024\" height=\"700\" src=\"http:\/\/localhost\/mzvol_web\/wp-content\/uploads\/2020\/02\/image-1024x700.jpg\" alt=\"\" data-id=\"111\" data-full-url=\"http:\/\/localhost\/mzvol_web\/wp-content\/uploads\/2020\/02\/image.jpg\" data-link=\"http:\/\/localhost\/mzvol_web\/unsere-zimmer\/image\/\" class=\"wp-image-111\" srcset=\"https:\/\/mzvol.de\/oldenburg-zimmervermietung\/wp-content\/uploads\/sites\/7\/2020\/02\/image-1024x700.jpg 1024w, https:\/\/mzvol.de\/oldenburg-zimmervermietung\/wp-content\/uploads\/sites\/7\/2020\/02\/image-300x205.jpg 300w, https:\/\/mzvol.de\/oldenburg-zimmervermietung\/wp-content\/uploads\/sites\/7\/2020\/02\/image-768x525.jpg 768w, https:\/\/mzvol.de\/oldenburg-zimmervermietung\/wp-content\/uploads\/sites\/7\/2020\/02\/image.jpg 1279w\" sizes=\"(max-width: 767px) 89vw, (max-width: 1000px) 54vw, (max-width: 1071px) 543px, 580px\" \/><\/figure><\/li><li class=\"blocks-gallery-item\"><figure><img loading=\"lazy\" width=\"150\" height=\"150\" src=\"http:\/\/localhost\/mzvol_web\/wp-content\/uploads\/2020\/02\/image2.jpg\" alt=\"\" data-id=\"112\" data-full-url=\"http:\/\/localhost\/mzvol_web\/wp-content\/uploads\/2020\/02\/image2.jpg\" data-link=\"http:\/\/localhost\/mzvol_web\/unsere-zimmer\/image2\/\" class=\"wp-image-112\" srcset=\"https:\/\/mzvol.de\/oldenburg-zimmervermietung\/wp-content\/uploads\/sites\/7\/2020\/02\/image2.jpg 150w, https:\/\/mzvol.de\/oldenburg-zimmervermietung\/wp-content\/uploads\/sites\/7\/2020\/02\/image2-100x100.jpg 100w\" sizes=\"(max-width: 150px) 100vw, 150px\" \/><\/figure><\/li><li class=\"blocks-gallery-item\"><figure><img loading=\"lazy\" width=\"150\" height=\"150\" src=\"http:\/\/localhost\/mzvol_web\/wp-content\/uploads\/2020\/02\/image3.jpg\" alt=\"\" data-id=\"113\" data-full-url=\"http:\/\/localhost\/mzvol_web\/wp-content\/uploads\/2020\/02\/image3.jpg\" data-link=\"http:\/\/localhost\/mzvol_web\/unsere-zimmer\/image3\/\" class=\"wp-image-113\" srcset=\"https:\/\/mzvol.de\/oldenburg-zimmervermietung\/wp-content\/uploads\/sites\/7\/2020\/02\/image3.jpg 150w, https:\/\/mzvol.de\/oldenburg-zimmervermietung\/wp-content\/uploads\/sites\/7\/2020\/02\/image3-100x100.jpg 100w\" sizes=\"(max-width: 150px) 100vw, 150px\" \/><\/figure><\/li><li class=\"blocks-gallery-item\"><figure><img loading=\"lazy\" width=\"150\" height=\"150\" src=\"http:\/\/localhost\/mzvol_web\/wp-content\/uploads\/2020\/02\/image4.jpg\" alt=\"\" data-id=\"114\" data-full-url=\"http:\/\/localhost\/mzvol_web\/wp-content\/uploads\/2020\/02\/image4.jpg\" data-link=\"http:\/\/localhost\/mzvol_web\/unsere-zimmer\/image4\/\" class=\"wp-image-114\" srcset=\"https:\/\/mzvol.de\/oldenburg-zimmervermietung\/wp-content\/uploads\/sites\/7\/2020\/02\/image4.jpg 150w, https:\/\/mzvol.de\/oldenburg-zimmervermietung\/wp-content\/uploads\/sites\/7\/2020\/02\/image4-100x100.jpg 100w\" sizes=\"(max-width: 150px) 100vw, 150px\" \/><\/figure><\/li><li class=\"blocks-gallery-item\"><figure><img loading=\"lazy\" width=\"150\" height=\"150\" src=\"http:\/\/localhost\/mzvol_web\/wp-content\/uploads\/2020\/02\/image5.jpg\" alt=\"\" data-id=\"115\" data-full-url=\"http:\/\/localhost\/mzvol_web\/wp-content\/uploads\/2020\/02\/image5.jpg\" data-link=\"http:\/\/localhost\/mzvol_web\/unsere-zimmer\/image5\/\" class=\"wp-image-115\" srcset=\"https:\/\/mzvol.de\/oldenburg-zimmervermietung\/wp-content\/uploads\/sites\/7\/2020\/02\/image5.jpg 150w, https:\/\/mzvol.de\/oldenburg-zimmervermietung\/wp-content\/uploads\/sites\/7\/2020\/02\/image5-100x100.jpg 100w\" sizes=\"(max-width: 150px) 100vw, 150px\" \/><\/figure><\/li><\/ul><\/figure>\n\n\n\n<p> davon sind jeweils 2 Zimmer durch eine T\u00fcr verbunden, sodass sie auch als 2er Zimmer oder Appartement gebucht werden k\u00f6nnen. <\/p>\n\n\n\n<figure class=\"wp-block-gallery columns-3 is-cropped\"><ul class=\"blocks-gallery-grid\"><li class=\"blocks-gallery-item\"><figure><img loading=\"lazy\" width=\"150\" height=\"150\" src=\"http:\/\/localhost\/mzvol_web\/wp-content\/uploads\/2020\/02\/image7-1.jpg\" alt=\"\" data-id=\"117\" data-full-url=\"http:\/\/localhost\/mzvol_web\/wp-content\/uploads\/2020\/02\/image7-1.jpg\" data-link=\"http:\/\/localhost\/mzvol_web\/unsere-zimmer\/image7-1\/\" class=\"wp-image-117\" srcset=\"https:\/\/mzvol.de\/oldenburg-zimmervermietung\/wp-content\/uploads\/sites\/7\/2020\/02\/image7-1.jpg 150w, https:\/\/mzvol.de\/oldenburg-zimmervermietung\/wp-content\/uploads\/sites\/7\/2020\/02\/image7-1-100x100.jpg 100w\" sizes=\"(max-width: 150px) 100vw, 150px\" \/><\/figure><\/li><li class=\"blocks-gallery-item\"><figure><img loading=\"lazy\" width=\"210\" height=\"140\" src=\"http:\/\/localhost\/mzvol_web\/wp-content\/uploads\/2020\/02\/image8.jpg\" alt=\"\" data-id=\"118\" data-full-url=\"http:\/\/localhost\/mzvol_web\/wp-content\/uploads\/2020\/02\/image8.jpg\" data-link=\"http:\/\/localhost\/mzvol_web\/unsere-zimmer\/image8\/\" class=\"wp-image-118\"\/><\/figure><\/li><li class=\"blocks-gallery-item\"><figure><img loading=\"lazy\" width=\"150\" height=\"150\" src=\"http:\/\/localhost\/mzvol_web\/wp-content\/uploads\/2020\/02\/image9.jpg\" alt=\"\" data-id=\"119\" data-full-url=\"http:\/\/localhost\/mzvol_web\/wp-content\/uploads\/2020\/02\/image9.jpg\" data-link=\"http:\/\/localhost\/mzvol_web\/unsere-zimmer\/image9\/\" class=\"wp-image-119\" srcset=\"https:\/\/mzvol.de\/oldenburg-zimmervermietung\/wp-content\/uploads\/sites\/7\/2020\/02\/image9.jpg 150w, https:\/\/mzvol.de\/oldenburg-zimmervermietung\/wp-content\/uploads\/sites\/7\/2020\/02\/image9-100x100.jpg 100w\" sizes=\"(max-width: 150px) 100vw, 150px\" \/><\/figure><\/li><\/ul><\/figure>\n\n\n\n<p> alle Zimmer sind mit 32* LCD TV ausgestattet und haben teilweise Internetzugang, <\/p>\n\n\n\n<p>Bilder (Bad)<\/p>\n\n\n\n<figure class=\"wp-block-gallery columns-3 is-cropped\"><ul class=\"blocks-gallery-grid\"><li class=\"blocks-gallery-item\"><figure><img loading=\"lazy\" width=\"210\" height=\"141\" src=\"http:\/\/localhost\/mzvol_web\/wp-content\/uploads\/2020\/02\/image11.jpg\" alt=\"\" data-id=\"120\" data-link=\"http:\/\/localhost\/mzvol_web\/unsere-zimmer\/image11\/\" class=\"wp-image-120\"\/><\/figure><\/li><li class=\"blocks-gallery-item\"><figure><img loading=\"lazy\" width=\"150\" height=\"150\" src=\"http:\/\/localhost\/mzvol_web\/wp-content\/uploads\/2020\/02\/image12.jpg\" alt=\"\" data-id=\"121\" data-link=\"http:\/\/localhost\/mzvol_web\/unsere-zimmer\/image12\/\" class=\"wp-image-121\" srcset=\"https:\/\/mzvol.de\/oldenburg-zimmervermietung\/wp-content\/uploads\/sites\/7\/2020\/02\/image12.jpg 150w, https:\/\/mzvol.de\/oldenburg-zimmervermietung\/wp-content\/uploads\/sites\/7\/2020\/02\/image12-100x100.jpg 100w\" sizes=\"(max-width: 150px) 100vw, 150px\" \/><\/figure><\/li><li class=\"blocks-gallery-item\"><figure><img loading=\"lazy\" width=\"150\" height=\"150\" src=\"http:\/\/localhost\/mzvol_web\/wp-content\/uploads\/2020\/02\/image13.jpg\" alt=\"\" data-id=\"122\" data-link=\"http:\/\/localhost\/mzvol_web\/unsere-zimmer\/image13\/\" class=\"wp-image-122\" srcset=\"https:\/\/mzvol.de\/oldenburg-zimmervermietung\/wp-content\/uploads\/sites\/7\/2020\/02\/image13.jpg 150w, https:\/\/mzvol.de\/oldenburg-zimmervermietung\/wp-content\/uploads\/sites\/7\/2020\/02\/image13-100x100.jpg 100w\" sizes=\"(max-width: 150px) 100vw, 150px\" \/><\/figure><\/li><li class=\"blocks-gallery-item\"><figure><img loading=\"lazy\" width=\"150\" height=\"150\" src=\"http:\/\/localhost\/mzvol_web\/wp-content\/uploads\/2020\/02\/image14.jpg\" alt=\"\" data-id=\"123\" data-link=\"http:\/\/localhost\/mzvol_web\/unsere-zimmer\/image14\/\" class=\"wp-image-123\" srcset=\"https:\/\/mzvol.de\/oldenburg-zimmervermietung\/wp-content\/uploads\/sites\/7\/2020\/02\/image14.jpg 150w, https:\/\/mzvol.de\/oldenburg-zimmervermietung\/wp-content\/uploads\/sites\/7\/2020\/02\/image14-100x100.jpg 100w\" sizes=\"(max-width: 150px) 100vw, 150px\" \/><\/figure><\/li><li class=\"blocks-gallery-item\"><figure><img loading=\"lazy\" width=\"150\" height=\"150\" src=\"http:\/\/localhost\/mzvol_web\/wp-content\/uploads\/2020\/02\/image15.jpg\" alt=\"\" data-id=\"124\" data-link=\"http:\/\/localhost\/mzvol_web\/unsere-zimmer\/image15\/\" class=\"wp-image-124\" srcset=\"https:\/\/mzvol.de\/oldenburg-zimmervermietung\/wp-content\/uploads\/sites\/7\/2020\/02\/image15.jpg 150w, https:\/\/mzvol.de\/oldenburg-zimmervermietung\/wp-content\/uploads\/sites\/7\/2020\/02\/image15-100x100.jpg 100w\" sizes=\"(max-width: 150px) 100vw, 150px\" \/><\/figure><\/li><li class=\"blocks-gallery-item\"><figure><img loading=\"lazy\" width=\"210\" height=\"141\" src=\"http:\/\/localhost\/mzvol_web\/wp-content\/uploads\/2020\/02\/image11-1.jpg\" alt=\"\" data-id=\"125\" data-full-url=\"http:\/\/localhost\/mzvol_web\/wp-content\/uploads\/2020\/02\/image11-1.jpg\" data-link=\"http:\/\/localhost\/mzvol_web\/unsere-zimmer\/image11-1\/\" class=\"wp-image-125\"\/><\/figure><\/li><\/ul><\/figure>\n\n\n\n<p> je 2 oder 3 Zimmer teilen sich ein Duschbad <\/p>\n\n\n\n<p>Bilder (K\u00fcchen)<\/p>\n\n\n\n<figure class=\"wp-block-gallery columns-3 is-cropped\"><ul class=\"blocks-gallery-grid\"><li class=\"blocks-gallery-item\"><figure><img loading=\"lazy\" width=\"150\" height=\"150\" src=\"http:\/\/localhost\/mzvol_web\/wp-content\/uploads\/2020\/02\/image16.jpg\" alt=\"\" data-id=\"130\" data-full-url=\"http:\/\/localhost\/mzvol_web\/wp-content\/uploads\/2020\/02\/image16.jpg\" data-link=\"http:\/\/localhost\/mzvol_web\/unsere-zimmer\/image16\/\" class=\"wp-image-130\" srcset=\"https:\/\/mzvol.de\/oldenburg-zimmervermietung\/wp-content\/uploads\/sites\/7\/2020\/02\/image16.jpg 150w, https:\/\/mzvol.de\/oldenburg-zimmervermietung\/wp-content\/uploads\/sites\/7\/2020\/02\/image16-100x100.jpg 100w\" sizes=\"(max-width: 150px) 100vw, 150px\" \/><\/figure><\/li><li class=\"blocks-gallery-item\"><figure><img loading=\"lazy\" width=\"150\" height=\"150\" src=\"http:\/\/localhost\/mzvol_web\/wp-content\/uploads\/2020\/02\/image17.jpg\" alt=\"\" data-id=\"131\" data-full-url=\"http:\/\/localhost\/mzvol_web\/wp-content\/uploads\/2020\/02\/image17.jpg\" data-link=\"http:\/\/localhost\/mzvol_web\/unsere-zimmer\/image17\/\" class=\"wp-image-131\" srcset=\"https:\/\/mzvol.de\/oldenburg-zimmervermietung\/wp-content\/uploads\/sites\/7\/2020\/02\/image17.jpg 150w, https:\/\/mzvol.de\/oldenburg-zimmervermietung\/wp-content\/uploads\/sites\/7\/2020\/02\/image17-100x100.jpg 100w\" sizes=\"(max-width: 150px) 100vw, 150px\" \/><\/figure><\/li><li class=\"blocks-gallery-item\"><figure><img loading=\"lazy\" width=\"150\" height=\"150\" src=\"http:\/\/localhost\/mzvol_web\/wp-content\/uploads\/2020\/02\/image18.jpg\" alt=\"\" data-id=\"132\" data-full-url=\"http:\/\/localhost\/mzvol_web\/wp-content\/uploads\/2020\/02\/image18.jpg\" data-link=\"http:\/\/localhost\/mzvol_web\/unsere-zimmer\/image18\/\" class=\"wp-image-132\" srcset=\"https:\/\/mzvol.de\/oldenburg-zimmervermietung\/wp-content\/uploads\/sites\/7\/2020\/02\/image18.jpg 150w, https:\/\/mzvol.de\/oldenburg-zimmervermietung\/wp-content\/uploads\/sites\/7\/2020\/02\/image18-100x100.jpg 100w\" sizes=\"(max-width: 150px) 100vw, 150px\" \/><\/figure><\/li><\/ul><\/figure>\n\n\n\n<p> Sowohl die Gemeinschaftsk\u00fcchen wie auch die Singelk\u00fcchen in 2 von  unseren Zimmern sind ausgestattet mit einem 2 Ceran-Herdplatten  Kochfeld, Sp\u00fcle, Mikrowelle \/ mit Grillfunktion), K\u00fchlschrank, Kaffemaschine, Toaster, Geschirr, Besteck und sonstigen  Kochutensilien<\/p>\n\n\n\n<hr class=\"wp-block-separator is-style-wide\"\/>\n\n\n\n<p>Die Zimmer k\u00f6nnen auch als Ferienwohnungen mit eigenem Bad und eigener K\u00fcche genutzt werden. <\/p>             <p>&#8211; 3 Zimmer, K\u00fcche, Bad, Flur, eigener Eingang ( bis 6 Personen) <\/p>                                                                                              <p>&#8211; 2 Zimmer, K\u00fcche, Bad, eigener Eingang ( bis 4 Personen ) <\/p>                                                            <p>Mindestmietdauer 1 Woche <\/p>                                                   <p>Bitte Anfragen <\/p>\n","protected":false},"excerpt":{"rendered":"<p>Die Zimmergr\u00f6\u00dfen variieren zwischen 14 und 25 qm uns sind modern eingerichtet. Bilder (Zimmer) davon sind jeweils 2 Zimmer durch eine T\u00fcr verbunden, sodass sie auch als 2er Zimmer oder Appartement gebucht werden k\u00f6nnen. alle Zimmer sind mit 32* LCD TV ausgestattet und haben teilweise Internetzugang, Bilder (Bad) je 2 oder 3 Zimmer teilen sich &hellip; <\/p>\n<p class=\"link-more\"><a href=\"https:\/\/mzvol.de\/oldenburg-zimmervermietung\/zimmer-rosenstrasse\/\" class=\"more-link\"><span class=\"screen-reader-text\">\u201eUnsere Zimmer Rosenstrasse\u201c<\/span> weiterlesen<\/a><\/p>\n","protected":false},"author":1,"featured_media":0,"parent":0,"menu_order":0,"comment_status":"closed","ping_status":"closed","template":"","meta":[],"_links":{"self":[{"href":"https:\/\/mzvol.de\/oldenburg-zimmervermietung\/wp-json\/wp\/v2\/pages\/7"}],"collection":[{"href":"https:\/\/mzvol.de\/oldenburg-zimmervermietung\/wp-json\/wp\/v2\/pages"}],"about":[{"href":"https:\/\/mzvol.de\/oldenburg-zimmervermietung\/wp-json\/wp\/v2\/types\/page"}],"author":[{"embeddable":true,"href":"https:\/\/mzvol.de\/oldenburg-zimmervermietung\/wp-json\/wp\/v2\/users\/1"}],"replies":[{"embeddable":true,"href":"https:\/\/mzvol.de\/oldenburg-zimmervermietung\/wp-json\/wp\/v2\/comments?post=7"}],"version-history":[{"count":12,"href":"https:\/\/mzvol.de\/oldenburg-zimmervermietung\/wp-json\/wp\/v2\/pages\/7\/revisions"}],"predecessor-version":[{"id":454,"href":"https:\/\/mzvol.de\/oldenburg-zimmervermietung\/wp-json\/wp\/v2\/pages\/7\/revisions\/454"}],"wp:attachment":[{"href":"https:\/\/mzvol.de\/oldenburg-zimmervermietung\/wp-json\/wp\/v2\/media?parent=7"}],"curies":[{"name":"wp","href":"https:\/\/api.w.org\/{rel}","templated":true}]}}